{"id":38,"date":"2021-12-03T08:47:44","date_gmt":"2021-12-03T07:47:44","guid":{"rendered":"https:\/\/www.lohnschleudern.de\/?page_id=38"},"modified":"2025-10-17T12:11:25","modified_gmt":"2025-10-17T10:11:25","slug":"unser-service","status":"publish","type":"page","link":"https:\/\/www.lohnschleudern.de\/?page_id=38","title":{"rendered":"Unser Service"},"content":{"rendered":"\n<p>Hier seht Ihr unsere Dienstleistungen f\u00fcr Euch aufgeschl\u00fcsselt. Die Preise verstehen sich inkl. der MwSt und gelten f\u00fcr R\u00e4hmchen im Deutsch Normalma\u00df.<\/p>\n\n\n\n<p><strong>NEU: Bei R\u00e4hmchen im Kuntzschma\u00df m\u00fcssen wir ab sofort einen Aufschlag von 1,20\u20ac pro R\u00e4hmchen erheben, da der Aufwand hier sehr gro\u00df ist.<\/strong><\/p>\n\n\n\n<p><strong>Bitte beachten: Bei geschnittenen Waben darf kein Draht mehr vorhanden sein, da wir diese nicht mehr verarbeiten k\u00f6nnen!<\/strong><\/p>\n\n\n\n<p><strong>Heidehonig:<\/strong><\/p>\n\n\n\n<p>Pressen (bereits ausgeschnittene Waben):&nbsp;&nbsp;&nbsp;&nbsp;&nbsp;&nbsp;&nbsp;&nbsp;&nbsp;&nbsp; &nbsp;&nbsp; <strong>1,80\u20ac\/kg<\/strong><\/p>\n\n\n\n<p>Pressen (mit Ausschneiden der Waben):&nbsp;&nbsp;&nbsp;&nbsp;&nbsp;&nbsp;&nbsp;&nbsp;&nbsp;&nbsp;&nbsp;&nbsp;&nbsp;&nbsp;&nbsp;&nbsp; <strong>2,10\u20ac\/kg<\/strong><\/p>\n\n\n\n<p>Schleudern und Stippen:&nbsp;<strong>&nbsp;&nbsp;&nbsp;&nbsp;&nbsp;&nbsp;&nbsp;&nbsp;&nbsp;&nbsp;&nbsp;&nbsp;&nbsp;&nbsp;&nbsp;&nbsp;&nbsp;&nbsp;&nbsp;&nbsp;&nbsp;&nbsp;&nbsp;&nbsp; &nbsp;&nbsp;          &nbsp; &nbsp; &nbsp;&nbsp; &nbsp; 2,90\u20ac\/kg<\/strong><\/p>\n\n\n\n<p>Sieben:\u00a0\u00a0\u00a0\u00a0\u00a0\u00a0\u00a0\u00a0\u00a0 \u00a0 \u00a0 \u00a0 \u00a0 \u00a0 \u00a0 \u00a0 \u00a0 \u00a0 \u00a0 \u00a0 \u00a0 \u00a0 \u00a0 \u00a0 \u00a0 \u00a0          \u00a0 \u00a0 \u00a0 \u00a0\u00a0 \u00a0\u00a0 \u00a0\u00a0\u00a0 \u00a0 <strong>0,70\u20ac\/kg<\/strong><\/p>\n\n\n\n<p>Abf\u00fcllen:\u00a0\u00a0\u00a0\u00a0\u00a0\u00a0 \u00a0 \u00a0 \u00a0 \u00a0 \u00a0 \u00a0 \u00a0 \u00a0 \u00a0 \u00a0 \u00a0 \u00a0 \u00a0 \u00a0 \u00a0 \u00a0 \u00a0 \u00a0 \u00a0 \u00a0 \u00a0 \u00a0          \u00a0 \u00a0\u00a0 \u00a0 \u00a0 <strong>1,00\u20ac\/kg<\/strong><\/p>\n\n\n\n<p><strong>Alle anderen Honige:<\/strong><\/p>\n\n\n\n<p>Schleudern, inkl. Entdeckeln und Sieben:&nbsp;&nbsp;&nbsp;&nbsp;&nbsp;&nbsp;&nbsp;  &nbsp;&nbsp;&nbsp;&nbsp;  <strong>1,20\u20ac\/kg<\/strong><\/p>\n\n\n\n<p>R\u00fchren:&nbsp;&nbsp;&nbsp;&nbsp;&nbsp;&nbsp;&nbsp;&nbsp;&nbsp;&nbsp;&nbsp;&nbsp;&nbsp;&nbsp;&nbsp;&nbsp;&nbsp;&nbsp;&nbsp;&nbsp;&nbsp;&nbsp;&nbsp;&nbsp;&nbsp;&nbsp;&nbsp;&nbsp;&nbsp;&nbsp;&nbsp;&nbsp;&nbsp;&nbsp;&nbsp;&nbsp;&nbsp;&nbsp;&nbsp;&nbsp;&nbsp;&nbsp;&nbsp;&nbsp;&nbsp;&nbsp;&nbsp;&nbsp;&nbsp;&nbsp;&nbsp;&nbsp; &nbsp;&nbsp; &nbsp; &nbsp;&nbsp; <strong>         0,40\u20ac\/kg<\/strong><\/p>\n\n\n\n<p>Abf\u00fcllen:&nbsp;&nbsp;&nbsp;&nbsp;&nbsp;&nbsp;&nbsp;&nbsp;&nbsp;&nbsp;&nbsp;&nbsp;&nbsp;&nbsp;&nbsp;&nbsp;&nbsp;&nbsp;&nbsp;&nbsp;&nbsp;&nbsp;&nbsp;&nbsp;&nbsp;&nbsp;&nbsp;&nbsp;&nbsp;&nbsp;&nbsp;&nbsp;&nbsp;&nbsp;&nbsp;&nbsp;&nbsp;&nbsp;&nbsp;&nbsp;&nbsp;&nbsp;&nbsp;&nbsp;&nbsp;&nbsp;&nbsp;&nbsp;&nbsp; &nbsp; &nbsp;&nbsp; &nbsp; &nbsp;&nbsp; <strong>         1,00\u20ac\/kg<\/strong><\/p>\n\n\n\n<p>Beim Abf\u00fcllen kommen noch die Kosten f\u00fcr Eimer\/Gl\u00e4ser hinzu, je nach individuellem Wunsch.<\/p>\n\n\n\n<p>Aufpreis f\u00fcr Auftr\u00e4ge unter 100 kg:&nbsp;&nbsp; &nbsp; &nbsp;&nbsp; &nbsp; &nbsp; &nbsp; &nbsp;  &nbsp;&nbsp; &nbsp; <strong>+ 20%<\/strong><\/p>\n\n\n\n<p>Aufpreis f\u00fcr andere R\u00e4hmchenma\u00dfe:&nbsp;&nbsp;&nbsp;&nbsp;&nbsp; &nbsp; &nbsp; &nbsp; &nbsp; &nbsp; &nbsp;&nbsp; <strong>+1,00\u20ac\/kg (Bei Kuntzsch zus\u00e4tzlich 1,20\u20ac pro R\u00e4hmchen)<\/strong><\/p>\n\n\n\n<p><strong>Zu beachten:<\/strong><\/p>\n\n\n\n<p><strong>&#8211; keine R\u00fcckgabe von Entdecklungswachs<\/strong><\/p>\n\n\n\n<p><strong>&#8211; Anlieferung der Honigwaben muss frei von Brut und Bienen erfolgen<\/strong><\/p>\n\n\n\n<p><strong>&#8211; keine Verarbeitung von belasteten Honigen (zB. Faulbrut)<\/strong><\/p>\n\n\n\n<p>Gerne erstellen wir Ihnen ein individuelles Angebot, sprechen Sie uns einfach darauf an.<\/p>\n\n\n\n<p><a href=\"mailto:info@duensing-imkereibedarf.de\">info@duensing-imkereibedarf.de<\/a><\/p>\n\n\n\n<p>Tel: 05143-6690966<\/p>\n","protected":false},"excerpt":{"rendered":"<p>Hier seht Ihr unsere Dienstleistungen f\u00fcr Euch aufgeschl\u00fcsselt. Die Preise verstehen sich inkl. der MwSt und gelten f\u00fcr R\u00e4hmchen im Deutsch Normalma\u00df. NEU: Bei R\u00e4hmchen im Kuntzschma\u00df m\u00fcssen wir ab sofort einen Aufschlag von 1,20\u20ac pro R\u00e4hmchen erheben, da der Aufwand hier sehr gro\u00df ist. Bitte beachten: Bei geschnittenen Waben darf kein Draht mehr vorhanden &hellip; <\/p>\n<p class=\"link-more\"><a href=\"https:\/\/www.lohnschleudern.de\/?page_id=38\" class=\"more-link\">Mehr <span class=\"screen-reader-text\">\u00fcber &#8222;Unser Service&#8220; <\/span>Lesen<\/a><\/p>\n","protected":false},"author":1,"featured_media":0,"parent":0,"menu_order":0,"comment_status":"closed","ping_status":"closed","template":"","meta":{"footnotes":""},"class_list":["post-38","page","type-page","status-publish","hentry"],"_links":{"self":[{"href":"https:\/\/www.lohnschleudern.de\/index.php?rest_route=\/wp\/v2\/pages\/38","targetHints":{"allow":["GET"]}}],"collection":[{"href":"https:\/\/www.lohnschleudern.de\/index.php?rest_route=\/wp\/v2\/pages"}],"about":[{"href":"https:\/\/www.lohnschleudern.de\/index.php?rest_route=\/wp\/v2\/types\/page"}],"author":[{"embeddable":true,"href":"https:\/\/www.lohnschleudern.de\/index.php?rest_route=\/wp\/v2\/users\/1"}],"replies":[{"embeddable":true,"href":"https:\/\/www.lohnschleudern.de\/index.php?rest_route=%2Fwp%2Fv2%2Fcomments&post=38"}],"version-history":[{"count":5,"href":"https:\/\/www.lohnschleudern.de\/index.php?rest_route=\/wp\/v2\/pages\/38\/revisions"}],"predecessor-version":[{"id":110,"href":"https:\/\/www.lohnschleudern.de\/index.php?rest_route=\/wp\/v2\/pages\/38\/revisions\/110"}],"wp:attachment":[{"href":"https:\/\/www.lohnschleudern.de\/index.php?rest_route=%2Fwp%2Fv2%2Fmedia&parent=38"}],"curies":[{"name":"wp","href":"https:\/\/api.w.org\/{rel}","templated":true}]}}