{"id":6,"date":"2021-12-02T14:58:22","date_gmt":"2021-12-02T13:58:22","guid":{"rendered":"https:\/\/www.lohnschleudern.de\/?page_id=6"},"modified":"2023-09-08T11:19:54","modified_gmt":"2023-09-08T09:19:54","slug":"schoene-portfolios-fuer-aussergewoehnliche-kreative","status":"publish","type":"page","link":"https:\/\/www.lohnschleudern.de\/","title":{"rendered":"Honigverarbeiten und mehr"},"content":{"rendered":"\n<p class=\"has-text-align-center\"><meta charset=\"utf-8\">Deine Bienen waren flei\u00dfig, Du hast volle Honigwaben und nicht die Ausr\u00fcstung oder die Zeit, den wertvollen Inhalt selber auszuschleudern? Kein Problem &#8211; denn daf\u00fcr sind wir gerne da!<\/p>\n\n\n\n<div style=\"height:55px\" aria-hidden=\"true\" class=\"wp-block-spacer\"><\/div>\n\n\n\n<div class=\"wp-block-group alignfull has-background\" style=\"background-color:#e5e9ec\"><div class=\"wp-block-group__inner-container is-layout-flow wp-block-group-is-layout-flow\">\n<div class=\"wp-block-columns is-layout-flex wp-container-core-columns-is-layout-9d6595d7 wp-block-columns-is-layout-flex\">\n<div class=\"wp-block-column is-vertically-aligned-center is-layout-flow wp-block-column-is-layout-flow\">\n<h2 class=\"wp-block-heading\">\u00dcber uns<\/h2>\n\n\n\n<p>Wir betreiben nicht nur selber eine Imkerei, einen Fachhandel f\u00fcr Imkereibedarf nebst Onlineshop, sondern ebenfalls eine Lohnschleuderei. Hier haben wir mit modernen Maschinen ausgestattet, in lebensmittelkonformer Umgebung die M\u00f6glichkeit geschaffen, auch Euren Honig zu ernten und zu bearbeiten.<\/p>\n\n\n\n<div class=\"wp-block-buttons is-horizontal is-content-justification-left is-layout-flex wp-container-core-buttons-is-layout-7e5fce0a wp-block-buttons-is-layout-flex\">\n<div class=\"wp-block-button is-style-outline is-style-outline--1\"><a class=\"wp-block-button__link no-border-radius wp-element-button\" href=\"https:\/\/www.lohnschleudern.de\/?page_id=7\">\u00dcber uns<\/a><\/div>\n<\/div>\n\n\n\n<p><\/p>\n<\/div>\n\n\n\n<div class=\"wp-block-column is-layout-flow wp-block-column-is-layout-flow\">\n<div style=\"height:48px\" aria-hidden=\"true\" class=\"wp-block-spacer\"><\/div>\n\n\n\n<figure class=\"wp-block-image size-large\"><img loading=\"lazy\" decoding=\"async\" width=\"1024\" height=\"768\" src=\"https:\/\/www.lohnschleudern.de\/wp-content\/uploads\/2021\/12\/IMG_6508-min-1024x768.jpg\" alt=\"\" class=\"wp-image-27\" srcset=\"https:\/\/www.lohnschleudern.de\/wp-content\/uploads\/2021\/12\/IMG_6508-min-1024x768.jpg 1024w, https:\/\/www.lohnschleudern.de\/wp-content\/uploads\/2021\/12\/IMG_6508-min-300x225.jpg 300w, https:\/\/www.lohnschleudern.de\/wp-content\/uploads\/2021\/12\/IMG_6508-min-768x576.jpg 768w, https:\/\/www.lohnschleudern.de\/wp-content\/uploads\/2021\/12\/IMG_6508-min-1536x1152.jpg 1536w, https:\/\/www.lohnschleudern.de\/wp-content\/uploads\/2021\/12\/IMG_6508-min-2048x1536.jpg 2048w, https:\/\/www.lohnschleudern.de\/wp-content\/uploads\/2021\/12\/IMG_6508-min-2000x1500.jpg 2000w\" sizes=\"auto, (max-width: 1024px) 100vw, 1024px\" \/><\/figure>\n<\/div>\n<\/div>\n<\/div><\/div>\n\n\n\n<div class=\"wp-block-group alignfull\"><div class=\"wp-block-group__inner-container is-layout-flow wp-block-group-is-layout-flow\">\n<div class=\"wp-block-columns are-vertically-aligned-center is-layout-flex wp-container-core-columns-is-layout-9d6595d7 wp-block-columns-is-layout-flex\">\n<div class=\"wp-block-column is-vertically-aligned-center is-layout-flow wp-block-column-is-layout-flow\">\n<div style=\"height:48px\" aria-hidden=\"true\" class=\"wp-block-spacer\"><\/div>\n\n\n\n<figure class=\"wp-block-image size-large\"><img loading=\"lazy\" decoding=\"async\" width=\"1024\" height=\"744\" src=\"https:\/\/www.lohnschleudern.de\/wp-content\/uploads\/2021\/12\/Honige-min-1024x744.png\" alt=\"\" class=\"wp-image-19\" srcset=\"https:\/\/www.lohnschleudern.de\/wp-content\/uploads\/2021\/12\/Honige-min-1024x744.png 1024w, https:\/\/www.lohnschleudern.de\/wp-content\/uploads\/2021\/12\/Honige-min-300x218.png 300w, https:\/\/www.lohnschleudern.de\/wp-content\/uploads\/2021\/12\/Honige-min-768x558.png 768w, https:\/\/www.lohnschleudern.de\/wp-content\/uploads\/2021\/12\/Honige-min-1536x1116.png 1536w, https:\/\/www.lohnschleudern.de\/wp-content\/uploads\/2021\/12\/Honige-min-2048x1488.png 2048w, https:\/\/www.lohnschleudern.de\/wp-content\/uploads\/2021\/12\/Honige-min-2000x1453.png 2000w\" sizes=\"auto, (max-width: 1024px) 100vw, 1024px\" \/><\/figure>\n<\/div>\n\n\n\n<div class=\"wp-block-column is-vertically-aligned-center is-layout-flow wp-block-column-is-layout-flow\">\n<h2 class=\"wp-block-heading\">Unser Service<\/h2>\n\n\n\n<p>Honig schleudern, pressen, sieben und abf\u00fcllen und mehr, hier werdet Ihr f\u00fcndig<\/p>\n\n\n\n<div class=\"wp-block-buttons is-layout-flex wp-block-buttons-is-layout-flex\">\n<div class=\"wp-block-button is-style-outline is-style-outline--2\"><a class=\"wp-block-button__link no-border-radius wp-element-button\" href=\"http:\/\/www.lohnschleudern.de\/?page_id=38\">Unsere Leistungen<\/a><\/div>\n<\/div>\n<\/div>\n<\/div>\n<\/div><\/div>\n\n\n<h2>Weitere Unternemen von uns:<\/h2>\n\n\n<ul class=\"wp-block-list\">\n<li><a href=\"http:\/\/www.imker-onlineshop.de\" data-type=\"URL\" data-id=\"www.imker-onlineshop.de\" target=\"_blank\" rel=\"noreferrer noopener\"><img loading=\"lazy\" decoding=\"async\" width=\"500\" height=\"245\" class=\"wp-image-56\" style=\"width: 500px;\" src=\"https:\/\/www.lohnschleudern.de\/wp-content\/uploads\/2021\/12\/logo3-2.jpg\" alt=\"\" srcset=\"https:\/\/www.lohnschleudern.de\/wp-content\/uploads\/2021\/12\/logo3-2.jpg 813w, https:\/\/www.lohnschleudern.de\/wp-content\/uploads\/2021\/12\/logo3-2-300x147.jpg 300w, https:\/\/www.lohnschleudern.de\/wp-content\/uploads\/2021\/12\/logo3-2-768x377.jpg 768w\" sizes=\"auto, (max-width: 500px) 100vw, 500px\" \/><\/a><\/li>\n<\/ul>\n\n\n\n<ul class=\"wp-block-list\">\n<li><a href=\"http:\/\/www.duensing-imkereibedarf.de\" data-type=\"URL\" data-id=\"www.duensing-imkereibedarf.de\" target=\"_blank\" rel=\"noreferrer noopener\"><img loading=\"lazy\" decoding=\"async\" width=\"500\" height=\"214\" class=\"wp-image-52\" style=\"width: 500px;\" src=\"https:\/\/www.lohnschleudern.de\/wp-content\/uploads\/2021\/12\/Laden-Logo.jpg\" alt=\"\" srcset=\"https:\/\/www.lohnschleudern.de\/wp-content\/uploads\/2021\/12\/Laden-Logo.jpg 933w, https:\/\/www.lohnschleudern.de\/wp-content\/uploads\/2021\/12\/Laden-Logo-300x129.jpg 300w, https:\/\/www.lohnschleudern.de\/wp-content\/uploads\/2021\/12\/Laden-Logo-768x329.jpg 768w\" sizes=\"auto, (max-width: 500px) 100vw, 500px\" \/><\/a><\/li>\n<\/ul>\n\n\n\n<ul class=\"wp-block-list\">\n<li><a href=\"http:\/\/www.imkerei-duensing.de\" data-type=\"link\" data-id=\"http:\/\/www.imkerei-duensing.de\"><img loading=\"lazy\" decoding=\"async\" width=\"500\" height=\"117\" class=\"wp-image-96\" style=\"width: 500px;\" src=\"https:\/\/www.lohnschleudern.de\/wp-content\/uploads\/2023\/09\/ImkereiLogoBannerShop.jpg\" alt=\"\" srcset=\"https:\/\/www.lohnschleudern.de\/wp-content\/uploads\/2023\/09\/ImkereiLogoBannerShop.jpg 470w, https:\/\/www.lohnschleudern.de\/wp-content\/uploads\/2023\/09\/ImkereiLogoBannerShop-300x70.jpg 300w\" sizes=\"auto, (max-width: 500px) 100vw, 500px\" \/><\/a><\/li>\n<\/ul>\n\n\n\n<div class=\"wp-block-cover alignfull is-light has-parallax is-position-center-center\" style=\"min-height:375px;aspect-ratio:unset;\"><span aria-hidden=\"true\" class=\"wp-block-cover__background has-black-background-color has-background-dim-40 has-background-dim\"><\/span><div role=\"img\" class=\"wp-block-cover__image-background wp-image-29 has-parallax\" style=\"background-position:50% 50%;background-image:url(https:\/\/www.lohnschleudern.de\/wp-content\/uploads\/2021\/12\/IMG_2253-scaled-e1638455086988.jpg)\"><\/div><div class=\"wp-block-cover__inner-container is-layout-flow wp-block-cover-is-layout-flow\">\n<p class=\"has-text-align-center has-text-color has-huge-font-size\" style=\"color:#fffffa;line-height:1.1\"><strong>Ihr habt noch Fragen&#8230;<\/strong><\/p>\n\n\n\n<p class=\"has-text-align-center\">&#8230;zu unserem Service, oder ben\u00f6tigt ein individuelles Angebot?<\/p>\n\n\n\n<div style=\"height:39px\" aria-hidden=\"true\" class=\"wp-block-spacer\"><\/div>\n\n\n\n<div class=\"wp-block-buttons is-horizontal is-content-justification-center is-layout-flex wp-container-core-buttons-is-layout-499968f5 wp-block-buttons-is-layout-flex\">\n<div class=\"wp-block-button is-style-outline is-style-outline--3\"><a class=\"wp-block-button__link has-white-color has-text-color no-border-radius wp-element-button\" href=\"https:\/\/www.lohnschleudern.de\/kontakt\/\">Kontaktiert uns hier<\/a><\/div>\n<\/div>\n<\/div><\/div>\n\n\n\n<p><\/p>\n","protected":false},"excerpt":{"rendered":"<p>Deine Bienen waren flei\u00dfig, Du hast volle Honigwaben und nicht die Ausr\u00fcstung oder die Zeit, den wertvollen Inhalt selber auszuschleudern? Kein Problem &#8211; denn daf\u00fcr sind wir gerne da! \u00dcber uns Wir betreiben nicht nur selber eine Imkerei, einen Fachhandel f\u00fcr Imkereibedarf nebst Onlineshop, sondern ebenfalls eine Lohnschleuderei. Hier haben wir mit modernen Maschinen ausgestattet, &hellip; <\/p>\n<p class=\"link-more\"><a href=\"https:\/\/www.lohnschleudern.de\/\" class=\"more-link\">Mehr <span class=\"screen-reader-text\">\u00fcber &#8222;Honigverarbeiten und mehr&#8220; <\/span>Lesen<\/a><\/p>\n","protected":false},"author":1,"featured_media":0,"parent":0,"menu_order":0,"comment_status":"closed","ping_status":"closed","template":"","meta":{"footnotes":""},"class_list":["post-6","page","type-page","status-publish","hentry"],"_links":{"self":[{"href":"https:\/\/www.lohnschleudern.de\/index.php?rest_route=\/wp\/v2\/pages\/6","targetHints":{"allow":["GET"]}}],"collection":[{"href":"https:\/\/www.lohnschleudern.de\/index.php?rest_route=\/wp\/v2\/pages"}],"about":[{"href":"https:\/\/www.lohnschleudern.de\/index.php?rest_route=\/wp\/v2\/types\/page"}],"author":[{"embeddable":true,"href":"https:\/\/www.lohnschleudern.de\/index.php?rest_route=\/wp\/v2\/users\/1"}],"replies":[{"embeddable":true,"href":"https:\/\/www.lohnschleudern.de\/index.php?rest_route=%2Fwp%2Fv2%2Fcomments&post=6"}],"version-history":[{"count":20,"href":"https:\/\/www.lohnschleudern.de\/index.php?rest_route=\/wp\/v2\/pages\/6\/revisions"}],"predecessor-version":[{"id":98,"href":"https:\/\/www.lohnschleudern.de\/index.php?rest_route=\/wp\/v2\/pages\/6\/revisions\/98"}],"wp:attachment":[{"href":"https:\/\/www.lohnschleudern.de\/index.php?rest_route=%2Fwp%2Fv2%2Fmedia&parent=6"}],"curies":[{"name":"wp","href":"https:\/\/api.w.org\/{rel}","templated":true}]}}